{"id":24,"date":"2023-11-13T13:57:19","date_gmt":"2023-11-13T11:57:19","guid":{"rendered":"http:\/\/mariamartelli.ro\/?page_id=24"},"modified":"2026-01-20T11:12:26","modified_gmt":"2026-01-20T09:12:26","slug":"bio","status":"publish","type":"page","link":"https:\/\/mariamartelli.ro\/en\/bio\/","title":{"rendered":"Bio"},"content":{"rendered":"<img decoding=\"async\" src=\"http:\/\/mariamartelli.ro\/wp-content\/uploads\/2023\/11\/M-avatar-about-transparent.png\" alt=\"Maria Martelli avatar. Yellow portrait drawing with golden dogs on black background.\" itemprop=\"image\" title=\"Maria Martelli avatar transparent\" onerror=\"this.style.display='none'\"  \/>\n\t<p>Maria Martelli writes and researches mixing antispeciesist and queer-feminist theories.<\/p>\n<p>She has published a volume of poetry \"<a href=\"https:\/\/fractalia.ro\/shop\/colectii-fractalia\/pansophie\/maria-martelli-cea-mai-norocoasa-fiinta\/\">the luckiest being<\/a>&#8221; (frACTalia, 2023) care a fost nominalizat la c\u00e2teva premii \u0219i o carte pentru copii intitulat\u0103 \u201e<a href=\"https:\/\/literaturasifeminism.wordpress.com\/2022\/01\/26\/descarca-e-bookul-povestea-scroafei-si-a-devenirii-omului-de-maria-martelli-ilustratii-de-otilia-jakab\/\">\"The Story of the Sow and of Becoming Human<\/a>&#8221; (Hecate &amp; ELF, 2022).<\/p>\n<p>Her stories and poems can be found on online platforms (Literature and Feminism, Possible Worlds), in anthologies (Our Possible Worlds, 2020; Shelters, 2021; Skylights, 2022) and zines (Madzine II, THE FLOCK!#2).  She has participated in several projects as editor\/coordinator, a process she appreciates especially when it is collective. She has held public readings and writing workshops.<\/p>\n<p>They graduated from the Master of Advanced Sociological Research at the Faculty of Sociology and Social Work, Babe\u0219-Bolyai University with a critical thesis on anthropocentrism in education for sustainable development. After that, she started an independent activist-research on the liberatory potential of animal sanctuaries, urban coexistence and multispecies imaginaries.<\/p>\n<p>In the collective project <a href=\"https:\/\/www.justwondering.io\/\">just wondering&#8230;<\/a> she writes and co-produces video essays exploring themes of multispecies, climate and social justice. She is part of <a href=\"https:\/\/www.instagram.com\/cenaclulx\/\">Cenacle X<\/a>, a self-organized queer literary group, and of <a href=\"https:\/\/www.instagram.com\/cvqro\/\">Queer Vegan Community<\/a>, an activist group dedicated to forming connections between movements for non-human animals and other movements for social justice.<\/p>\n<p>Since winter 2025, they co-host the climate podcast <a href=\"https:\/\/thelastfireflies.libsyn.com\/\">The Last Fireflies<\/a>.<\/p>\n<p>She was an editor at the <a href=\"https:\/\/www.vegansociology.com\/journal\/\">Student Journal of Vegan Sociology<\/a> and a co-host of the social science podcast <a href=\"https:\/\/soundcloud.com\/contrasens\">contrasens<\/a>.<\/p>\n<p>They live in a post-industrial town with three talkative cats, two determined dogs, the beings of the garden and their human partner.<\/p>\n\t\t\t\t\t<a href=\"javascript:void(0);\" id=\"fl-accordion--label-0\" tabindex=\"0\" aria-controls=\"fl-accordion--panel-0\">Bio scurt &#8211; Literatur\u0103<\/a>\n\t\t\t\t\t\t\t\t\t\t\t<a href=\"#\" id=\"fl-accordion--icon-0\" tabindex=\"-1\" aria-controls=\"fl-accordion--panel-0\"><i>Expand<\/i><\/a>\n\t\t\t\t\t<p>Maria Martelli scrie \u0219i face cercetare mix\u00e2nd teorii queer-feministe \u0219i antispeciiste. A publicat un volum de poezie \u201ecea mai norocoas\u0103 fiin\u021b\u0103&#8221; (frACTalia, 2023) \u0219i o carte pentru copii intitulat\u0103 \u201ePovestea Scroafei \u0219i a Devenirii Omului&#8221; (Hecate &amp; ELF, 2022). Povestirile \u0219i poemele ei se g\u0103sesc \u00een antologiile <a href=\"https:\/\/www.instagram.com\/cenaclulx\/\">Cenaclului X<\/a>, various zines and online publications. In the artistic collective <a href=\"https:\/\/www.youtube.com\/@justwondering\">just wondering&#8230;<\/a> they write and co-produce short films and animated essays. They live in a post-industrial town with three talkative cats, two determined dogs, the beings of the garden and their human partner.<\/p>\n\t\t\t\t\t<a href=\"javascript:void(0);\" id=\"fl-accordion--label-1\" tabindex=\"0\" aria-controls=\"fl-accordion--panel-1\">Bio scurt &#8211; Cercetare <\/a>\n\t\t\t\t\t\t\t\t\t\t\t<a href=\"#\" id=\"fl-accordion--icon-1\" tabindex=\"-1\" aria-controls=\"fl-accordion--panel-1\"><i>Expand<\/i><\/a>\n\t\t\t\t\t<p>Maria Martelli writes and researches mixing antispeciesist and queer-feminist theories. They graduated from the Master of Advanced Sociological Research at the Faculty of Sociology and Social Work, Babe\u0219-Bolyai University with a critical thesis on anthropocentrism in education for sustainable development. Currently she works on an independent activist-research on the liberatory potential of animal sanctuaries, urban coexistence and multispecies imaginaries. They are part of the artistic antispeciesist project <a href=\"https:\/\/www.youtube.com\/@justwondering\">just wondering&#8230;<\/a>, of the <a href=\"https:\/\/www.instagram.com\/cvqro\/\">Queer Vegan Community<\/a> and of the autonomous literary group <a href=\"https:\/\/www.instagram.com\/cenaclulx\/\">Cenacle X<\/a>. They were an editor at the<a href=\"https:\/\/www.vegansociology.com\/journal\/\"> Student Journal of Vegan Sociology<\/a>,<\/p>\n\t\t\t\t\t\t\tsperan\u021be solare\n\t\t\t35%\n\t\t\t\t\t\t\tc\u0103r\u021bi &#038; obsesii literare\n\t\t\t30%\n\t\t\t\t\t\t\tmirare &#038; \u00eencruntare\n\t\t\t20%\n\t\t\t\t\t\t\tspaghetti cu sosuri fermec\u0103toare\n\t\t\t15%\n\t<p>Contact<\/p>\n\t<p>You can write to me at maria.martelli[at]yahoo.com<\/p>\n\t\t\t<h4>\u201eNorocul e ceva ciudat, dar poate fi multiplicat.&#8221;<\/h4><p>&#8211; cea mai norocoas\u0103 fiin\u021b\u0103<\/p>\t\t\n\t\t\t<h4>\"If you have a door, you can open it.<\/h4><h4>If you have a table, you can set it.<\/h4><h4>Dac\u0103 ai o voce, po\u021bi c\u00e2nta.&#8221;<\/h4><p>&#8211; din \u201eDeschide-o \u0219i ai s\u0103 vezi&#8221;, cea mai norocoas\u0103 fiin\u021b\u0103<\/p>\t\t\n\t\t\t<h4>\"The cat is snoring on the windowsill. Too little<\/h4><h4>lumin\u0103 o atinge pe v\u00e2rfurile must\u0103\u021bilor.&#8221;<\/h4><p>&#8211; din \u201eNoiembrie&#8221;, cea mai norocoas\u0103 fiin\u021b\u0103<\/p>","protected":false},"excerpt":{"rendered":"<p>Maria Martelli scrie \u0219i face cercetare mix\u00e2nd teorii antispeciiste \u0219i queer-feministe. A publicat un volum de poezie \u201ecea mai norocoas\u0103 fiin\u021b\u0103&#8221; (frACTalia, 2023) care a fost nominalizat la c\u00e2teva premii \u0219i o carte pentru copii intitulat\u0103 \u201ePovestea Scroafei \u0219i a Devenirii Omului&#8221; (Hecate &amp; ELF, 2022). Povestirile \u0219i poemele ei se g\u0103sesc pe platforme online&hellip;<\/p>","protected":false},"author":1,"featured_media":116,"parent":0,"menu_order":0,"comment_status":"closed","ping_status":"closed","template":"","meta":{"_monsterinsights_skip_tracking":false,"_monsterinsights_sitenote_active":false,"_monsterinsights_sitenote_note":"","_monsterinsights_sitenote_category":0,"footnotes":""},"class_list":["post-24","page","type-page","status-publish","has-post-thumbnail","hentry"],"yoast_head":"<!-- This site is optimized with the Yoast SEO plugin v26.7 - https:\/\/yoast.com\/wordpress\/plugins\/seo\/ -->\n<title>Bio - Maria Martelli<\/title>\n<meta name=\"description\" content=\"Maria Martelli scrie \u0219i face cercetare mix\u00e2nd teorii antispeciiste \u0219i queer-feministe.\" \/>\n<meta name=\"robots\" content=\"index, follow, max-snippet:-1, max-image-preview:large, max-video-preview:-1\" \/>\n<link rel=\"canonical\" href=\"https:\/\/mariamartelli.ro\/en\/bio\/\" \/>\n<meta property=\"og:locale\" content=\"en_US\" \/>\n<meta property=\"og:type\" content=\"article\" \/>\n<meta property=\"og:title\" content=\"Bio - Maria Martelli\" \/>\n<meta property=\"og:description\" content=\"Maria Martelli scrie \u0219i face cercetare mix\u00e2nd teorii antispeciiste \u0219i queer-feministe.\" \/>\n<meta property=\"og:url\" content=\"https:\/\/mariamartelli.ro\/en\/bio\/\" \/>\n<meta property=\"og:site_name\" content=\"Maria Martelli\" \/>\n<meta property=\"article:publisher\" content=\"https:\/\/www.facebook.com\/maria.martelli.3\/\" \/>\n<meta property=\"article:modified_time\" content=\"2026-01-20T09:12:26+00:00\" \/>\n<meta property=\"og:image\" content=\"https:\/\/mariamartelli.ro\/wp-content\/uploads\/2023\/11\/M-avatar-02-1024x1024.png\" \/>\n\t<meta property=\"og:image:width\" content=\"1024\" \/>\n\t<meta property=\"og:image:height\" content=\"1024\" \/>\n\t<meta property=\"og:image:type\" content=\"image\/png\" \/>\n<meta name=\"twitter:card\" content=\"summary_large_image\" \/>\n<meta name=\"twitter:site\" content=\"@mistheother\" \/>\n<meta name=\"twitter:label1\" content=\"Est. reading time\" \/>\n\t<meta name=\"twitter:data1\" content=\"3 minutes\" \/>\n<script type=\"application\/ld+json\" class=\"yoast-schema-graph\">{\"@context\":\"https:\/\/schema.org\",\"@graph\":[{\"@type\":\"WebPage\",\"@id\":\"https:\/\/mariamartelli.ro\/bio\/\",\"url\":\"https:\/\/mariamartelli.ro\/bio\/\",\"name\":\"Bio - Maria Martelli\",\"isPartOf\":{\"@id\":\"https:\/\/mariamartelli.ro\/#website\"},\"primaryImageOfPage\":{\"@id\":\"https:\/\/mariamartelli.ro\/bio\/#primaryimage\"},\"image\":{\"@id\":\"https:\/\/mariamartelli.ro\/bio\/#primaryimage\"},\"thumbnailUrl\":\"https:\/\/mariamartelli.ro\/wp-content\/uploads\/2023\/11\/cropped-M-avatar-02.png\",\"datePublished\":\"2023-11-13T11:57:19+00:00\",\"dateModified\":\"2026-01-20T09:12:26+00:00\",\"description\":\"Maria Martelli scrie \u0219i face cercetare mix\u00e2nd teorii antispeciiste \u0219i queer-feministe.\",\"breadcrumb\":{\"@id\":\"https:\/\/mariamartelli.ro\/bio\/#breadcrumb\"},\"inLanguage\":\"en-US\",\"potentialAction\":[{\"@type\":\"ReadAction\",\"target\":[\"https:\/\/mariamartelli.ro\/bio\/\"]}]},{\"@type\":\"ImageObject\",\"inLanguage\":\"en-US\",\"@id\":\"https:\/\/mariamartelli.ro\/bio\/#primaryimage\",\"url\":\"https:\/\/mariamartelli.ro\/wp-content\/uploads\/2023\/11\/cropped-M-avatar-02.png\",\"contentUrl\":\"https:\/\/mariamartelli.ro\/wp-content\/uploads\/2023\/11\/cropped-M-avatar-02.png\",\"width\":512,\"height\":512,\"caption\":\"Maria Martelli avatar. Yellow portrait drawing with golden dogs on black background.\"},{\"@type\":\"BreadcrumbList\",\"@id\":\"https:\/\/mariamartelli.ro\/bio\/#breadcrumb\",\"itemListElement\":[{\"@type\":\"ListItem\",\"position\":1,\"name\":\"Prima pagin\u0103\",\"item\":\"https:\/\/mariamartelli.ro\/\"},{\"@type\":\"ListItem\",\"position\":2,\"name\":\"Bio\"}]},{\"@type\":\"WebSite\",\"@id\":\"https:\/\/mariamartelli.ro\/#website\",\"url\":\"https:\/\/mariamartelli.ro\/\",\"name\":\"Maria Martelli\",\"description\":\"scriitoare \u0219i cercet\u0103toare\",\"publisher\":{\"@id\":\"https:\/\/mariamartelli.ro\/#\/schema\/person\/5441fde8a1da90e2c027f3e614520afa\"},\"potentialAction\":[{\"@type\":\"SearchAction\",\"target\":{\"@type\":\"EntryPoint\",\"urlTemplate\":\"https:\/\/mariamartelli.ro\/?s={search_term_string}\"},\"query-input\":{\"@type\":\"PropertyValueSpecification\",\"valueRequired\":true,\"valueName\":\"search_term_string\"}}],\"inLanguage\":\"en-US\"},{\"@type\":[\"Person\",\"Organization\"],\"@id\":\"https:\/\/mariamartelli.ro\/#\/schema\/person\/5441fde8a1da90e2c027f3e614520afa\",\"name\":\"Maria Martelli\",\"image\":{\"@type\":\"ImageObject\",\"inLanguage\":\"en-US\",\"@id\":\"https:\/\/mariamartelli.ro\/#\/schema\/person\/image\/\",\"url\":\"http:\/\/mariamartelli.ro\/wp-content\/uploads\/2023\/11\/cropped-M-avatar-02.png\",\"contentUrl\":\"http:\/\/mariamartelli.ro\/wp-content\/uploads\/2023\/11\/cropped-M-avatar-02.png\",\"width\":512,\"height\":512,\"caption\":\"Maria Martelli\"},\"logo\":{\"@id\":\"https:\/\/mariamartelli.ro\/#\/schema\/person\/image\/\"},\"description\":\"Maria Martelli scrie \u0219i face cercetare mix\u00e2nd teorii queer-feministe \u0219i antispeciiste.\",\"sameAs\":[\"http:\/\/mariamartelli.ro\",\"https:\/\/www.facebook.com\/maria.martelli.3\/\",\"https:\/\/www.instagram.com\/maria.m.martelli\/\",\"https:\/\/x.com\/mistheother\",\"https:\/\/www.youtube.com\/@MariaMartelli\"]}]}<\/script>\n<!-- \/ Yoast SEO plugin. -->","yoast_head_json":{"title":"Bio - Maria Martelli","description":"Maria Martelli writes and researches mixing antispeciesist and queer-feminist theories.","robots":{"index":"index","follow":"follow","max-snippet":"max-snippet:-1","max-image-preview":"max-image-preview:large","max-video-preview":"max-video-preview:-1"},"canonical":"https:\/\/mariamartelli.ro\/en\/bio\/","og_locale":"en_US","og_type":"article","og_title":"Bio - Maria Martelli","og_description":"Maria Martelli scrie \u0219i face cercetare mix\u00e2nd teorii antispeciiste \u0219i queer-feministe.","og_url":"https:\/\/mariamartelli.ro\/en\/bio\/","og_site_name":"Maria Martelli","article_publisher":"https:\/\/www.facebook.com\/maria.martelli.3\/","article_modified_time":"2026-01-20T09:12:26+00:00","og_image":[{"width":1024,"height":1024,"url":"https:\/\/mariamartelli.ro\/wp-content\/uploads\/2023\/11\/M-avatar-02-1024x1024.png","type":"image\/png"}],"twitter_card":"summary_large_image","twitter_site":"@mistheother","twitter_misc":{"Est. reading time":"3 minutes"},"schema":{"@context":"https:\/\/schema.org","@graph":[{"@type":"WebPage","@id":"https:\/\/mariamartelli.ro\/bio\/","url":"https:\/\/mariamartelli.ro\/bio\/","name":"Bio - Maria Martelli","isPartOf":{"@id":"https:\/\/mariamartelli.ro\/#website"},"primaryImageOfPage":{"@id":"https:\/\/mariamartelli.ro\/bio\/#primaryimage"},"image":{"@id":"https:\/\/mariamartelli.ro\/bio\/#primaryimage"},"thumbnailUrl":"https:\/\/mariamartelli.ro\/wp-content\/uploads\/2023\/11\/cropped-M-avatar-02.png","datePublished":"2023-11-13T11:57:19+00:00","dateModified":"2026-01-20T09:12:26+00:00","description":"Maria Martelli writes and researches mixing antispeciesist and queer-feminist theories.","breadcrumb":{"@id":"https:\/\/mariamartelli.ro\/bio\/#breadcrumb"},"inLanguage":"en-US","potentialAction":[{"@type":"ReadAction","target":["https:\/\/mariamartelli.ro\/bio\/"]}]},{"@type":"ImageObject","inLanguage":"en-US","@id":"https:\/\/mariamartelli.ro\/bio\/#primaryimage","url":"https:\/\/mariamartelli.ro\/wp-content\/uploads\/2023\/11\/cropped-M-avatar-02.png","contentUrl":"https:\/\/mariamartelli.ro\/wp-content\/uploads\/2023\/11\/cropped-M-avatar-02.png","width":512,"height":512,"caption":"Maria Martelli avatar. Yellow portrait drawing with golden dogs on black background."},{"@type":"BreadcrumbList","@id":"https:\/\/mariamartelli.ro\/bio\/#breadcrumb","itemListElement":[{"@type":"ListItem","position":1,"name":"Prima pagin\u0103","item":"https:\/\/mariamartelli.ro\/"},{"@type":"ListItem","position":2,"name":"Bio"}]},{"@type":"WebSite","@id":"https:\/\/mariamartelli.ro\/#website","url":"https:\/\/mariamartelli.ro\/","name":"Maria Martelli","description":"scriitoare \u0219i cercet\u0103toare","publisher":{"@id":"https:\/\/mariamartelli.ro\/#\/schema\/person\/5441fde8a1da90e2c027f3e614520afa"},"potentialAction":[{"@type":"SearchAction","target":{"@type":"EntryPoint","urlTemplate":"https:\/\/mariamartelli.ro\/?s={search_term_string}"},"query-input":{"@type":"PropertyValueSpecification","valueRequired":true,"valueName":"search_term_string"}}],"inLanguage":"en-US"},{"@type":["Person","Organization"],"@id":"https:\/\/mariamartelli.ro\/#\/schema\/person\/5441fde8a1da90e2c027f3e614520afa","name":"Maria Martelli","image":{"@type":"ImageObject","inLanguage":"en-US","@id":"https:\/\/mariamartelli.ro\/#\/schema\/person\/image\/","url":"http:\/\/mariamartelli.ro\/wp-content\/uploads\/2023\/11\/cropped-M-avatar-02.png","contentUrl":"http:\/\/mariamartelli.ro\/wp-content\/uploads\/2023\/11\/cropped-M-avatar-02.png","width":512,"height":512,"caption":"Maria Martelli"},"logo":{"@id":"https:\/\/mariamartelli.ro\/#\/schema\/person\/image\/"},"description":"Maria Martelli scrie \u0219i face cercetare mix\u00e2nd teorii queer-feministe \u0219i antispeciiste.","sameAs":["http:\/\/mariamartelli.ro","https:\/\/www.facebook.com\/maria.martelli.3\/","https:\/\/www.instagram.com\/maria.m.martelli\/","https:\/\/x.com\/mistheother","https:\/\/www.youtube.com\/@MariaMartelli"]}]}},"jetpack_sharing_enabled":true,"_links":{"self":[{"href":"https:\/\/mariamartelli.ro\/en\/wp-json\/wp\/v2\/pages\/24","targetHints":{"allow":["GET"]}}],"collection":[{"href":"https:\/\/mariamartelli.ro\/en\/wp-json\/wp\/v2\/pages"}],"about":[{"href":"https:\/\/mariamartelli.ro\/en\/wp-json\/wp\/v2\/types\/page"}],"author":[{"embeddable":true,"href":"https:\/\/mariamartelli.ro\/en\/wp-json\/wp\/v2\/users\/1"}],"replies":[{"embeddable":true,"href":"https:\/\/mariamartelli.ro\/en\/wp-json\/wp\/v2\/comments?post=24"}],"version-history":[{"count":30,"href":"https:\/\/mariamartelli.ro\/en\/wp-json\/wp\/v2\/pages\/24\/revisions"}],"predecessor-version":[{"id":493,"href":"https:\/\/mariamartelli.ro\/en\/wp-json\/wp\/v2\/pages\/24\/revisions\/493"}],"wp:featuredmedia":[{"embeddable":true,"href":"https:\/\/mariamartelli.ro\/en\/wp-json\/wp\/v2\/media\/116"}],"wp:attachment":[{"href":"https:\/\/mariamartelli.ro\/en\/wp-json\/wp\/v2\/media?parent=24"}],"curies":[{"name":"wp","href":"https:\/\/api.w.org\/{rel}","templated":true}]}}