{"id":183,"date":"2023-11-16T14:19:59","date_gmt":"2023-11-16T12:19:59","guid":{"rendered":"http:\/\/mariamartelli.ro\/?page_id=183"},"modified":"2024-09-17T19:03:53","modified_gmt":"2024-09-17T17:03:53","slug":"ganduri-recenzii","status":"publish","type":"page","link":"https:\/\/mariamartelli.ro\/en\/ganduri-recenzii\/","title":{"rendered":"Thoughts &amp; reviews"},"content":{"rendered":"<h1>Thoughts &amp; reviews<\/h1>\n\u00a0A king of blog where I write about things I like or things that make me frown.<br \/>","protected":false},"excerpt":{"rendered":"<p>G\u00e2nduri &amp; recenzii \u00a0Un fel de blog unde scriu despre lucruri care-mi plac sau care m\u0103 fac s\u0103 m\u0103 \u00eencrunt un pic.<\/p>","protected":false},"author":1,"featured_media":0,"parent":0,"menu_order":0,"comment_status":"closed","ping_status":"closed","template":"","meta":{"_monsterinsights_skip_tracking":false,"_monsterinsights_sitenote_active":false,"_monsterinsights_sitenote_note":"","_monsterinsights_sitenote_category":0,"footnotes":""},"class_list":["post-183","page","type-page","status-publish","hentry"],"yoast_head":"<!-- This site is optimized with the Yoast SEO plugin v26.7 - https:\/\/yoast.com\/wordpress\/plugins\/seo\/ -->\n<title>G\u00e2nduri &amp; recenzii - Maria Martelli<\/title>\n<meta name=\"description\" content=\"Un fel de blog unde scriu despre lucruri care-mi plac sau care m\u0103 fac s\u0103 m\u0103 \u00eencrunt un pic.\" \/>\n<meta name=\"robots\" content=\"index, follow, max-snippet:-1, max-image-preview:large, max-video-preview:-1\" \/>\n<link rel=\"canonical\" href=\"https:\/\/mariamartelli.ro\/en\/ganduri-recenzii\/\" \/>\n<meta property=\"og:locale\" content=\"en_US\" \/>\n<meta property=\"og:type\" content=\"article\" \/>\n<meta property=\"og:title\" content=\"G\u00e2nduri &amp; recenzii - Maria Martelli\" \/>\n<meta property=\"og:description\" content=\"Un fel de blog unde scriu despre lucruri care-mi plac sau care m\u0103 fac s\u0103 m\u0103 \u00eencrunt un pic.\" \/>\n<meta property=\"og:url\" content=\"https:\/\/mariamartelli.ro\/en\/ganduri-recenzii\/\" \/>\n<meta property=\"og:site_name\" content=\"Maria Martelli\" \/>\n<meta property=\"article:publisher\" content=\"https:\/\/www.facebook.com\/maria.martelli.3\/\" \/>\n<meta property=\"article:modified_time\" content=\"2024-09-17T17:03:53+00:00\" \/>\n<meta property=\"og:image\" content=\"https:\/\/mariamartelli.ro\/wp-content\/uploads\/2023\/11\/Letters-blue-1024x576.png\" \/>\n\t<meta property=\"og:image:width\" content=\"1024\" \/>\n\t<meta property=\"og:image:height\" content=\"576\" \/>\n\t<meta property=\"og:image:type\" content=\"image\/png\" \/>\n<meta name=\"twitter:card\" content=\"summary_large_image\" \/>\n<meta name=\"twitter:site\" content=\"@mistheother\" \/>\n<meta name=\"twitter:label1\" content=\"Est. reading time\" \/>\n\t<meta name=\"twitter:data1\" content=\"1 minute\" \/>\n<script type=\"application\/ld+json\" class=\"yoast-schema-graph\">{\"@context\":\"https:\/\/schema.org\",\"@graph\":[{\"@type\":\"WebPage\",\"@id\":\"https:\/\/mariamartelli.ro\/en\/ganduri-recenzii\/\",\"url\":\"https:\/\/mariamartelli.ro\/en\/ganduri-recenzii\/\",\"name\":\"G\u00e2nduri & recenzii - Maria Martelli\",\"isPartOf\":{\"@id\":\"https:\/\/mariamartelli.ro\/#website\"},\"datePublished\":\"2023-11-16T12:19:59+00:00\",\"dateModified\":\"2024-09-17T17:03:53+00:00\",\"description\":\"Un fel de blog unde scriu despre lucruri care-mi plac sau care m\u0103 fac s\u0103 m\u0103 \u00eencrunt un pic.\",\"breadcrumb\":{\"@id\":\"https:\/\/mariamartelli.ro\/en\/ganduri-recenzii\/#breadcrumb\"},\"inLanguage\":\"en-US\",\"potentialAction\":[{\"@type\":\"ReadAction\",\"target\":[\"https:\/\/mariamartelli.ro\/en\/ganduri-recenzii\/\"]}]},{\"@type\":\"BreadcrumbList\",\"@id\":\"https:\/\/mariamartelli.ro\/en\/ganduri-recenzii\/#breadcrumb\",\"itemListElement\":[{\"@type\":\"ListItem\",\"position\":1,\"name\":\"Prima pagin\u0103\",\"item\":\"https:\/\/mariamartelli.ro\/\"},{\"@type\":\"ListItem\",\"position\":2,\"name\":\"G\u00e2nduri &#038; recenzii\"}]},{\"@type\":\"WebSite\",\"@id\":\"https:\/\/mariamartelli.ro\/#website\",\"url\":\"https:\/\/mariamartelli.ro\/\",\"name\":\"Maria Martelli\",\"description\":\"scriitoare \u0219i cercet\u0103toare\",\"publisher\":{\"@id\":\"https:\/\/mariamartelli.ro\/#\/schema\/person\/5441fde8a1da90e2c027f3e614520afa\"},\"potentialAction\":[{\"@type\":\"SearchAction\",\"target\":{\"@type\":\"EntryPoint\",\"urlTemplate\":\"https:\/\/mariamartelli.ro\/?s={search_term_string}\"},\"query-input\":{\"@type\":\"PropertyValueSpecification\",\"valueRequired\":true,\"valueName\":\"search_term_string\"}}],\"inLanguage\":\"en-US\"},{\"@type\":[\"Person\",\"Organization\"],\"@id\":\"https:\/\/mariamartelli.ro\/#\/schema\/person\/5441fde8a1da90e2c027f3e614520afa\",\"name\":\"Maria Martelli\",\"image\":{\"@type\":\"ImageObject\",\"inLanguage\":\"en-US\",\"@id\":\"https:\/\/mariamartelli.ro\/#\/schema\/person\/image\/\",\"url\":\"http:\/\/mariamartelli.ro\/wp-content\/uploads\/2023\/11\/cropped-M-avatar-02.png\",\"contentUrl\":\"http:\/\/mariamartelli.ro\/wp-content\/uploads\/2023\/11\/cropped-M-avatar-02.png\",\"width\":512,\"height\":512,\"caption\":\"Maria Martelli\"},\"logo\":{\"@id\":\"https:\/\/mariamartelli.ro\/#\/schema\/person\/image\/\"},\"description\":\"Maria Martelli scrie \u0219i face cercetare mix\u00e2nd teorii queer-feministe \u0219i antispeciiste.\",\"sameAs\":[\"http:\/\/mariamartelli.ro\",\"https:\/\/www.facebook.com\/maria.martelli.3\/\",\"https:\/\/www.instagram.com\/maria.m.martelli\/\",\"https:\/\/x.com\/mistheother\",\"https:\/\/www.youtube.com\/@MariaMartelli\"]}]}<\/script>\n<!-- \/ Yoast SEO plugin. -->","yoast_head_json":{"title":"G\u00e2nduri & recenzii - Maria Martelli","description":"A king of blog where I write about things I like or things that make me frown.","robots":{"index":"index","follow":"follow","max-snippet":"max-snippet:-1","max-image-preview":"max-image-preview:large","max-video-preview":"max-video-preview:-1"},"canonical":"https:\/\/mariamartelli.ro\/en\/ganduri-recenzii\/","og_locale":"en_US","og_type":"article","og_title":"G\u00e2nduri & recenzii - Maria Martelli","og_description":"Un fel de blog unde scriu despre lucruri care-mi plac sau care m\u0103 fac s\u0103 m\u0103 \u00eencrunt un pic.","og_url":"https:\/\/mariamartelli.ro\/en\/ganduri-recenzii\/","og_site_name":"Maria Martelli","article_publisher":"https:\/\/www.facebook.com\/maria.martelli.3\/","article_modified_time":"2024-09-17T17:03:53+00:00","og_image":[{"width":1024,"height":576,"url":"https:\/\/mariamartelli.ro\/wp-content\/uploads\/2023\/11\/Letters-blue-1024x576.png","type":"image\/png"}],"twitter_card":"summary_large_image","twitter_site":"@mistheother","twitter_misc":{"Est. reading time":"1 minute"},"schema":{"@context":"https:\/\/schema.org","@graph":[{"@type":"WebPage","@id":"https:\/\/mariamartelli.ro\/en\/ganduri-recenzii\/","url":"https:\/\/mariamartelli.ro\/en\/ganduri-recenzii\/","name":"G\u00e2nduri & recenzii - Maria Martelli","isPartOf":{"@id":"https:\/\/mariamartelli.ro\/#website"},"datePublished":"2023-11-16T12:19:59+00:00","dateModified":"2024-09-17T17:03:53+00:00","description":"A king of blog where I write about things I like or things that make me frown.","breadcrumb":{"@id":"https:\/\/mariamartelli.ro\/en\/ganduri-recenzii\/#breadcrumb"},"inLanguage":"en-US","potentialAction":[{"@type":"ReadAction","target":["https:\/\/mariamartelli.ro\/en\/ganduri-recenzii\/"]}]},{"@type":"BreadcrumbList","@id":"https:\/\/mariamartelli.ro\/en\/ganduri-recenzii\/#breadcrumb","itemListElement":[{"@type":"ListItem","position":1,"name":"Prima pagin\u0103","item":"https:\/\/mariamartelli.ro\/"},{"@type":"ListItem","position":2,"name":"G\u00e2nduri &#038; recenzii"}]},{"@type":"WebSite","@id":"https:\/\/mariamartelli.ro\/#website","url":"https:\/\/mariamartelli.ro\/","name":"Maria Martelli","description":"scriitoare \u0219i cercet\u0103toare","publisher":{"@id":"https:\/\/mariamartelli.ro\/#\/schema\/person\/5441fde8a1da90e2c027f3e614520afa"},"potentialAction":[{"@type":"SearchAction","target":{"@type":"EntryPoint","urlTemplate":"https:\/\/mariamartelli.ro\/?s={search_term_string}"},"query-input":{"@type":"PropertyValueSpecification","valueRequired":true,"valueName":"search_term_string"}}],"inLanguage":"en-US"},{"@type":["Person","Organization"],"@id":"https:\/\/mariamartelli.ro\/#\/schema\/person\/5441fde8a1da90e2c027f3e614520afa","name":"Maria Martelli","image":{"@type":"ImageObject","inLanguage":"en-US","@id":"https:\/\/mariamartelli.ro\/#\/schema\/person\/image\/","url":"http:\/\/mariamartelli.ro\/wp-content\/uploads\/2023\/11\/cropped-M-avatar-02.png","contentUrl":"http:\/\/mariamartelli.ro\/wp-content\/uploads\/2023\/11\/cropped-M-avatar-02.png","width":512,"height":512,"caption":"Maria Martelli"},"logo":{"@id":"https:\/\/mariamartelli.ro\/#\/schema\/person\/image\/"},"description":"Maria Martelli scrie \u0219i face cercetare mix\u00e2nd teorii queer-feministe \u0219i antispeciiste.","sameAs":["http:\/\/mariamartelli.ro","https:\/\/www.facebook.com\/maria.martelli.3\/","https:\/\/www.instagram.com\/maria.m.martelli\/","https:\/\/x.com\/mistheother","https:\/\/www.youtube.com\/@MariaMartelli"]}]}},"jetpack_sharing_enabled":true,"_links":{"self":[{"href":"https:\/\/mariamartelli.ro\/en\/wp-json\/wp\/v2\/pages\/183","targetHints":{"allow":["GET"]}}],"collection":[{"href":"https:\/\/mariamartelli.ro\/en\/wp-json\/wp\/v2\/pages"}],"about":[{"href":"https:\/\/mariamartelli.ro\/en\/wp-json\/wp\/v2\/types\/page"}],"author":[{"embeddable":true,"href":"https:\/\/mariamartelli.ro\/en\/wp-json\/wp\/v2\/users\/1"}],"replies":[{"embeddable":true,"href":"https:\/\/mariamartelli.ro\/en\/wp-json\/wp\/v2\/comments?post=183"}],"version-history":[{"count":8,"href":"https:\/\/mariamartelli.ro\/en\/wp-json\/wp\/v2\/pages\/183\/revisions"}],"predecessor-version":[{"id":379,"href":"https:\/\/mariamartelli.ro\/en\/wp-json\/wp\/v2\/pages\/183\/revisions\/379"}],"wp:attachment":[{"href":"https:\/\/mariamartelli.ro\/en\/wp-json\/wp\/v2\/media?parent=183"}],"curies":[{"name":"wp","href":"https:\/\/api.w.org\/{rel}","templated":true}]}}